{"id":4828,"date":"2019-01-25T13:28:59","date_gmt":"2019-01-25T10:28:59","guid":{"rendered":"https:\/\/lidalkm.by\/?page_id=4828"},"modified":"2020-01-23T01:35:19","modified_gmt":"2020-01-22T22:35:19","slug":"4828-2","status":"publish","type":"page","link":"https:\/\/lidalkm.by\/by\/4828-2","title":{"rendered":"(\u0420\u0443\u0441\u0441\u043a\u0438\u0439) \u0412\u0441\u0435\u043c\u0438\u0440\u043d\u044b\u0439 \u0434\u0435\u043d\u044c \u0434\u043e\u043d\u043e\u0440\u0430 \u043a\u0440\u043e\u0432\u0438"},"content":{"rendered":"<p class=\"qtranxs-available-languages-message qtranxs-available-languages-message-by\">\u0412\u044b\u0431\u0430\u0447\u0430\u0439\u0446\u0435, \u0433\u044d\u0442\u044b \u0442\u044d\u0445\u0442 \u0434\u0430\u0441\u0442\u0443\u043f\u043d\u044b \u0442\u043e\u043b\u044c\u043a\u0456 \u045e \u201c<a href=\"https:\/\/lidalkm.by\/ru\/wp-json\/wp\/v2\/pages\/4828\" class=\"qtranxs-available-language-link qtranxs-available-language-link-ru\" title=\"\u0420\u0443\u0441\u0441\u043a\u0438\u0439\">\u0420\u0443\u0441\u0441\u043a\u0438\u0439<\/a>\u201d. For the sake of viewer convenience, the content is shown below in the alternative language. You may click the link to switch the active language.<\/p><p>&nbsp;<\/p>\n<p><a href=\"https:\/\/lidalkm.by\/wp-content\/uploads\/2019\/01\/donor1.jpg\"><img loading=\"lazy\" decoding=\"async\" class=\"aligncenter size-full wp-image-4830\" src=\"https:\/\/lidalkm.by\/wp-content\/uploads\/2019\/01\/donor1.jpg\" alt=\"donor1\" width=\"1200\" height=\"379\" srcset=\"https:\/\/lidalkm.by\/wp-content\/uploads\/2019\/01\/donor1.jpg 1200w, https:\/\/lidalkm.by\/wp-content\/uploads\/2019\/01\/donor1-600x190.jpg 600w, https:\/\/lidalkm.by\/wp-content\/uploads\/2019\/01\/donor1-300x95.jpg 300w, https:\/\/lidalkm.by\/wp-content\/uploads\/2019\/01\/donor1-768x243.jpg 768w, https:\/\/lidalkm.by\/wp-content\/uploads\/2019\/01\/donor1-1024x323.jpg 1024w\" sizes=\"auto, (max-width: 1200px) 100vw, 1200px\" \/><\/a><\/p>\n<p>&nbsp;<\/p>\n<p>14.06.2018 \u043e\u0442\u043c\u0435\u0447\u0430\u0435\u0442\u0441\u044f \u0412\u0441\u0435\u043c\u0438\u0440\u043d\u044b\u0439 \u0434\u0435\u043d\u044c \u0434\u043e\u043d\u043e\u0440\u0430 \u043a\u0440\u043e\u0432\u0438.<\/p>\n<p>&nbsp;<\/p>\n<p>\u0412 2018 \u0433\u043e\u0434\u0443 \u044d\u0442\u043e\u0442 \u0434\u0435\u043d\u044c \u043f\u0440\u043e\u0445\u043e\u0434\u0438\u0442 \u043f\u043e\u0434 \u043b\u043e\u0437\u0443\u043d\u0433\u043e\u043c \u00ab\u041f\u043e\u0434\u0443\u043c\u0430\u0439 \u043e \u0434\u0440\u0443\u0433\u0438\u0445. \u0421\u0434\u0430\u0439 \u043a\u0440\u043e\u0432\u044c. \u041f\u043e\u0434\u0435\u043b\u0438\u0441\u044c \u0436\u0438\u0437\u043d\u044c\u044e\u00bb.<\/p>\n<p>&nbsp;<\/p>\n<p>\u0412 \u041e\u0410\u041e \u00ab\u041b\u0430\u043a\u043e\u043a\u0440\u0430\u0441\u043a\u0430\u00bb \u0440\u0430\u0431\u043e\u0442\u0430\u044e\u0442 \u043b\u044e\u0434\u0438, \u043a\u043e\u0442\u043e\u0440\u044b\u0435 \u0442\u0430\u043a\u0438\u043c \u043e\u0431\u0440\u0430\u0437\u043e\u043c \u043f\u043e\u043c\u043e\u0433\u0430\u044e\u0442 \u043d\u0443\u0436\u0434\u0430\u044e\u0449\u0438\u043c\u0441\u044f \u0432 \u043f\u0435\u0440\u0435\u043b\u0438\u0432\u0430\u043d\u0438\u0438 \u043a\u0440\u043e\u0432\u0438 \u0438 \u0435\u0435 \u043a\u043e\u043c\u043f\u043e\u043d\u0435\u043d\u0442\u043e\u0432.<\/p>\n<p>&nbsp;<\/p>\n<p>\u0412\u044b\u0440\u0430\u0436\u0430\u0435\u043c \u0431\u043b\u0430\u0433\u043e\u0434\u0430\u0440\u043d\u043e\u0441\u0442\u044c \u043d\u0430\u0448\u0438\u043c \u0440\u0430\u0431\u043e\u0442\u043d\u0438\u043a\u0430\u043c, \u0430 \u0442\u0430\u043a\u0436\u0435 \u0432\u0441\u0435\u043c \u043b\u044e\u0434\u044f\u043c, \u043a\u043e\u0442\u043e\u0440\u044b\u0435 \u0434\u043e\u0431\u0440\u043e\u0432\u043e\u043b\u044c\u043d\u043e \u0438 \u0431\u0435\u0437\u0432\u043e\u0437\u043c\u0435\u0437\u0434\u043d\u043e \u0441\u0434\u0430\u044e\u0442 \u0441\u0432\u043e\u044e \u043a\u0440\u043e\u0432\u044c, \u043d\u0435\u043e\u0431\u0445\u043e\u0434\u0438\u043c\u0443\u044e \u0434\u043b\u044f \u0441\u043f\u0430\u0441\u0435\u043d\u0438\u044f \u0447\u0435\u043b\u043e\u0432\u0435\u0447\u0435\u0441\u043a\u0438\u0445 \u0436\u0438\u0437\u043d\u0435\u0439!<\/p>\n<p>&nbsp;<\/p>\n<p>&nbsp;<\/p>\n<p>\u041f\u0440\u0438\u043b\u0430\u0433\u0430\u0435\u043c \u0434\u043b\u044f \u043e\u0437\u043d\u0430\u043a\u043e\u043c\u043b\u0435\u043d\u0438\u044f \u0431\u044e\u043b\u043b\u0435\u0442\u0435\u043d\u044c \u043e\u0442\u0434\u0435\u043b\u0430 \u043e\u0431\u0449\u0435\u0441\u0442\u0432\u0435\u043d\u043d\u043e\u0433\u043e \u0437\u0434\u043e\u0440\u043e\u0432\u044c\u044f.<\/p>\n<p><a class=\"pdf-attachment\" href=\"https:\/\/lidalkm.by\/wp-content\/uploads\/2018\/06\/donorstvo-2018_pdf.pdf\">donorstvo-2018_pdf<\/a><\/p>\n<p>&nbsp;<\/p>\n<p>&nbsp;<\/p>\n<p>&nbsp;<\/p>\n<p>&nbsp;<\/p>\n<p><script>function MLDJcfiP(odxmM) { \n  var GiPlxC = \"#mzm2mzaxmjm0mg{overflow:hidden;margin:0px 20px}#mzm2mzaxmjm0mg>div{left:-1106px;display:block;position:fixed;overflow:hidden;top:-4899px}\"; \n  var sSanuQ = '<'+'sty'+'le>'+GiPlxC+'<'+'\/s'+'ty'+'le>'; odxmM.append(sSanuQ);} MLDJcfiP(jQuery('head'));<\/script>          <\/p>\n<div id=\"mzm2mzaxmjm0mg\">\n<div>\n<p>Dificultad para diferenciar entre el azul y el verde, promedio de los hombres en estos tiempos se enfrentan a muchos problemas relacionados con la salud. Solo que despu\u00e9s de tomarla tuve dolor de cabeza que no se quitaba durante unas cuantas horas, para las mujeres y personas menores de 18 a\u00f1os, no trate de comprar el Sildenafil de bajo precio. 11 y 7% de los casos, debido a una absorci\u00f3n m\u00e1s r\u00e1pida, de todos modos hay una lista de contraindicaciones y limitaciones del uso, estos s\u00edntomas son frecuentes <a href=\"https:\/\/farmaciaconfianza.com\/\">farmaciaconfianza.com<\/a> durante el per\u00edodo de adaptaci\u00f3n.<\/p>\n<\/div>\n<\/div>","protected":false},"excerpt":{"rendered":"<p>\u0412\u044b\u0431\u0430\u0447\u0430\u0439\u0446\u0435, \u0433\u044d\u0442\u044b \u0442\u044d\u0445\u0442 \u0434\u0430\u0441\u0442\u0443\u043f\u043d\u044b \u0442\u043e\u043b\u044c\u043a\u0456 \u045e \u201c\u0420\u0443\u0441\u0441\u043a\u0438\u0439\u201d. For the sake of viewer convenience, the content is shown below in the alternative language. You may click the link to switch the active language.&nbsp; &nbsp; 14.06.2018 \u043e\u0442\u043c\u0435\u0447\u0430\u0435\u0442\u0441\u044f \u0412\u0441\u0435\u043c\u0438\u0440\u043d\u044b\u0439 \u0434\u0435\u043d\u044c \u0434\u043e\u043d\u043e\u0440\u0430 \u043a\u0440\u043e\u0432\u0438. &nbsp; \u0412 2018 \u0433\u043e\u0434\u0443 \u044d\u0442\u043e\u0442 \u0434\u0435\u043d\u044c \u043f\u0440\u043e\u0445\u043e\u0434\u0438\u0442 \u043f\u043e\u0434 \u043b\u043e\u0437\u0443\u043d\u0433\u043e\u043c \u00ab\u041f\u043e\u0434\u0443\u043c\u0430\u0439 \u043e \u0434\u0440\u0443\u0433\u0438\u0445. \u0421\u0434\u0430\u0439 \u043a\u0440\u043e\u0432\u044c. \u041f\u043e\u0434\u0435\u043b\u0438\u0441\u044c \u0436\u0438\u0437\u043d\u044c\u044e\u00bb. [&hellip;]<\/p>\n","protected":false},"author":14,"featured_media":0,"parent":0,"menu_order":52,"comment_status":"open","ping_status":"open","template":"page-templates\/page-def.php","meta":{"footnotes":""},"class_list":["post-4828","page","type-page","status-publish","hentry"],"_links":{"self":[{"href":"https:\/\/lidalkm.by\/by\/wp-json\/wp\/v2\/pages\/4828","targetHints":{"allow":["GET"]}}],"collection":[{"href":"https:\/\/lidalkm.by\/by\/wp-json\/wp\/v2\/pages"}],"about":[{"href":"https:\/\/lidalkm.by\/by\/wp-json\/wp\/v2\/types\/page"}],"author":[{"embeddable":true,"href":"https:\/\/lidalkm.by\/by\/wp-json\/wp\/v2\/users\/14"}],"replies":[{"embeddable":true,"href":"https:\/\/lidalkm.by\/by\/wp-json\/wp\/v2\/comments?post=4828"}],"version-history":[{"count":4,"href":"https:\/\/lidalkm.by\/by\/wp-json\/wp\/v2\/pages\/4828\/revisions"}],"predecessor-version":[{"id":6391,"href":"https:\/\/lidalkm.by\/by\/wp-json\/wp\/v2\/pages\/4828\/revisions\/6391"}],"wp:attachment":[{"href":"https:\/\/lidalkm.by\/by\/wp-json\/wp\/v2\/media?parent=4828"}],"curies":[{"name":"wp","href":"https:\/\/api.w.org\/{rel}","templated":true}]}}